{"id":2,"date":"2021-10-29T14:08:41","date_gmt":"2021-10-29T12:08:41","guid":{"rendered":"http:\/\/diet-fanny.fr\/?page_id=2"},"modified":"2024-09-25T17:43:40","modified_gmt":"2024-09-25T15:43:40","slug":"qui-suis-je","status":"publish","type":"page","link":"https:\/\/diet-fanny.fr\/?page_id=2","title":{"rendered":"A propos de moi"},"content":{"rendered":"\n<div style=\"height:67px\" aria-hidden=\"true\" class=\"wp-block-spacer\"><\/div>\n\n\n\n<p class=\"has-medium-font-size\"><strong>Formations :<\/strong><\/p>\n\n\n\n<ul class=\"wp-block-list\">\n<li>DUT G\u00e9nie Biologique option di\u00e9t\u00e9tique (IUT de Tours)<\/li>\n\n\n\n<li>Education Th\u00e9rapeutique du Patient (CRES PACA)<\/li>\n\n\n\n<li>Th\u00e9rapie d\u2019acceptation comportemental (Centre de formation di\u00e9t\u00e9tique et comportement)<\/li>\n\n\n\n<li>Syndrome de l\u2019Intestin Irritable (Centre de formation di\u00e9t\u00e9tique et comportement)<\/li>\n\n\n\n<li>Perfectionnement sur le Syndrome de l&rsquo;intestin irritable (Centre de formation di\u00e9t\u00e9tique et comportement)<\/li>\n\n\n\n<li>Alimentation et la cholest\u00e9rol\u00e9mie (H\u00f4pital de Rangueil)<\/li>\n\n\n\n<li>Ob\u00e9sit\u00e9 p\u00e9diatrique du r\u00e9seau REPOP (REPOP Ile de France)<\/li>\n\n\n\n<li>Micronutrition en cours (Oreka formation)<\/li>\n\n\n\n<li>Alimentation et Maladie Inflammatoires Chroniques de l&rsquo;Intestin (Afa Crohn RCH)<\/li>\n\n\n\n<li>Oncologie &#8211; Alimentation et cancer (Eduform &#8211; r\u00e9seau oncodiet) <\/li>\n<\/ul>\n\n\n\n<hr class=\"wp-block-separator has-text-color has-css-opacity has-background is-style-dots\" style=\"background-color:#ba143d;color:#ba143d\"\/>\n\n\n\n<p><strong>Charte du di\u00e9t\u00e9ticien<\/strong><\/p>\n\n\n\n<p>Le di\u00e9t\u00e9ticien&nbsp;engage sur l\u2019honneur sa responsabilit\u00e9 morale et celle de la profession \u00e0 travers ses actes.<\/p>\n\n\n\n<p>Le di\u00e9t\u00e9ticien&nbsp;s\u2019engage \u00e0 promouvoir la sant\u00e9 et le bien-\u00eatre de la population par une alimentation adapt\u00e9e en offrant \u00e0 tous les individus les m\u00eames ressources et possibilit\u00e9s pour r\u00e9aliser pleinement le potentiel sant\u00e9.<\/p>\n\n\n\n<p>Le di\u00e9t\u00e9ticien&nbsp;s\u2019engage \u00e0 \u00eatre un professionnel objectif et doit \u00eatre capable de justifier ses r\u00e9f\u00e9rences dans le domaine de l\u2019alimentation et de la nutrition.<\/p>\n\n\n\n<p>Le di\u00e9t\u00e9ticien&nbsp;s\u2019engage \u00e0 se former de fa\u00e7on continue afin de garantir \u00e0 ses diff\u00e9rents interlocuteurs (patients, consommateurs, employeurs) des prestations de qualit\u00e9.<\/p>\n\n\n\n<p>Le di\u00e9t\u00e9ticien&nbsp;reconna\u00eet les comp\u00e9tences de ses coll\u00e8gues et s\u2019engage \u00e0 les faire intervenir si n\u00e9cessaire.<\/p>\n\n\n\n<p>Pour pr\u00e9parer l\u2019avenir de la profession,&nbsp;le di\u00e9t\u00e9ticien&nbsp;s\u2019engage \u00e0 participer activement aux travaux d\u00e9velopp\u00e9s par ses organismes professionnels repr\u00e9sentatifs : travaux personnels, travaux de groupe.<\/p>\n\n\n\n<p>Le di\u00e9t\u00e9ticien&nbsp;s\u2019engage \u00e0 respecter le secret professionnel dans tous ses secteurs d\u2019activit\u00e9.<\/p>\n\n\n\n<p>Le di\u00e9t\u00e9ticien&nbsp;s\u2019engage \u00e0 respecter ces clauses dans l\u2019int\u00e9r\u00eat de ses partenaires ou clients. Tout manquement grave sera sanctionn\u00e9 par le Conseil d\u2019Ethique de la Profession.<\/p>\n\n\n\n<p class=\"has-text-color\" style=\"color:#ba143d\"><em><a href=\"http:\/\/www.afdn.org\/fileadmin\/pdf\/charte-deontologie.pdf\">Source : Charte d\u00e9ontologique de l\u2019AFDN<\/a><\/em><\/p>\n\n\n<div class=\"is-default-size alignright wp-block-site-logo\"><a href=\"https:\/\/diet-fanny.fr\/\" class=\"custom-logo-link\" rel=\"home\"><img loading=\"lazy\" decoding=\"async\" width=\"2551\" height=\"2507\" src=\"https:\/\/diet-fanny.fr\/wp-content\/uploads\/2021\/11\/cropped-Logo-Fanny-Fond-transparent-3.png\" class=\"custom-logo\" alt=\"Fanny Vialas\" srcset=\"https:\/\/diet-fanny.fr\/wp-content\/uploads\/2021\/11\/cropped-Logo-Fanny-Fond-transparent-3.png 2551w, https:\/\/diet-fanny.fr\/wp-content\/uploads\/2021\/11\/cropped-Logo-Fanny-Fond-transparent-3-300x295.png 300w, https:\/\/diet-fanny.fr\/wp-content\/uploads\/2021\/11\/cropped-Logo-Fanny-Fond-transparent-3-1024x1006.png 1024w, https:\/\/diet-fanny.fr\/wp-content\/uploads\/2021\/11\/cropped-Logo-Fanny-Fond-transparent-3-768x755.png 768w, https:\/\/diet-fanny.fr\/wp-content\/uploads\/2021\/11\/cropped-Logo-Fanny-Fond-transparent-3-1536x1510.png 1536w, https:\/\/diet-fanny.fr\/wp-content\/uploads\/2021\/11\/cropped-Logo-Fanny-Fond-transparent-3-2048x2013.png 2048w, https:\/\/diet-fanny.fr\/wp-content\/uploads\/2021\/11\/cropped-Logo-Fanny-Fond-transparent-3-1140x1120.png 1140w, https:\/\/diet-fanny.fr\/wp-content\/uploads\/2021\/11\/cropped-Logo-Fanny-Fond-transparent-3-75x75.png 75w\" sizes=\"auto, (max-width: 2551px) 100vw, 2551px\" \/><\/a><\/div>","protected":false},"excerpt":{"rendered":"<p>Formations : Charte du di\u00e9t\u00e9ticien Le di\u00e9t\u00e9ticien&nbsp;engage sur l\u2019honneur sa responsabilit\u00e9 morale et celle de la profession \u00e0 travers ses actes. Le di\u00e9t\u00e9ticien&nbsp;s\u2019engage \u00e0 promouvoir la sant\u00e9 et le bien-\u00eatre de la population par une alimentation adapt\u00e9e en offrant \u00e0 tous les individus les m\u00eames ressources et possibilit\u00e9s pour r\u00e9aliser pleinement le potentiel sant\u00e9. Le di\u00e9t\u00e9ticien&nbsp;s\u2019engage \u00e0 \u00eatre un professionnel objectif et doit \u00eatre capable de justifier ses r\u00e9f\u00e9rences dans le domaine de l\u2019alimentation et de la nutrition. Le di\u00e9t\u00e9ticien&nbsp;s\u2019engage \u00e0 se former de fa\u00e7on continue afin de garantir \u00e0 ses diff\u00e9rents interlocuteurs (patients, consommateurs, employeurs) des prestations de qualit\u00e9. Le di\u00e9t\u00e9ticien&nbsp;reconna\u00eet les comp\u00e9tences de ses coll\u00e8gues et s\u2019engage \u00e0 les faire intervenir si n\u00e9cessaire. Pour pr\u00e9parer l\u2019avenir de la profession,&nbsp;le di\u00e9t\u00e9ticien&nbsp;s\u2019engage \u00e0 participer activement aux travaux d\u00e9velopp\u00e9s par ses organismes professionnels repr\u00e9sentatifs : travaux personnels, travaux de groupe. Le di\u00e9t\u00e9ticien&nbsp;s\u2019engage \u00e0 respecter le secret professionnel dans tous ses secteurs d\u2019activit\u00e9. Le di\u00e9t\u00e9ticien&nbsp;s\u2019engage \u00e0 respecter ces clauses dans l\u2019int\u00e9r\u00eat de ses partenaires ou clients. Tout manquement grave sera sanctionn\u00e9 par le Conseil d\u2019Ethique de la Profession. Source : Charte d\u00e9ontologique de l\u2019AFDN<\/p>\n","protected":false},"author":1,"featured_media":0,"parent":0,"menu_order":0,"comment_status":"closed","ping_status":"closed","template":"","meta":{"_monsterinsights_skip_tracking":false,"_monsterinsights_sitenote_active":false,"_monsterinsights_sitenote_note":"","_monsterinsights_sitenote_category":0,"footnotes":""},"class_list":["post-2","page","type-page","status-publish","hentry"],"_links":{"self":[{"href":"https:\/\/diet-fanny.fr\/index.php?rest_route=\/wp\/v2\/pages\/2","targetHints":{"allow":["GET"]}}],"collection":[{"href":"https:\/\/diet-fanny.fr\/index.php?rest_route=\/wp\/v2\/pages"}],"about":[{"href":"https:\/\/diet-fanny.fr\/index.php?rest_route=\/wp\/v2\/types\/page"}],"author":[{"embeddable":true,"href":"https:\/\/diet-fanny.fr\/index.php?rest_route=\/wp\/v2\/users\/1"}],"replies":[{"embeddable":true,"href":"https:\/\/diet-fanny.fr\/index.php?rest_route=%2Fwp%2Fv2%2Fcomments&post=2"}],"version-history":[{"count":23,"href":"https:\/\/diet-fanny.fr\/index.php?rest_route=\/wp\/v2\/pages\/2\/revisions"}],"predecessor-version":[{"id":355,"href":"https:\/\/diet-fanny.fr\/index.php?rest_route=\/wp\/v2\/pages\/2\/revisions\/355"}],"wp:attachment":[{"href":"https:\/\/diet-fanny.fr\/index.php?rest_route=%2Fwp%2Fv2%2Fmedia&parent=2"}],"curies":[{"name":"wp","href":"https:\/\/api.w.org\/{rel}","templated":true}]}}