{"id":3,"date":"2021-10-29T14:08:41","date_gmt":"2021-10-29T12:08:41","guid":{"rendered":"http:\/\/diet-fanny.fr\/?page_id=3"},"modified":"2023-11-21T11:24:59","modified_gmt":"2023-11-21T10:24:59","slug":"politique-de-confidentialite","status":"publish","type":"page","link":"https:\/\/diet-fanny.fr\/?page_id=3","title":{"rendered":"Consultations"},"content":{"rendered":"\n<div style=\"height:33px\" aria-hidden=\"true\" class=\"wp-block-spacer\"><\/div>\n\n\n\n<div class=\"wp-block-cover is-light\" style=\"min-height:301px;aspect-ratio:unset;\"><span aria-hidden=\"true\" class=\"wp-block-cover__background has-background-dim-0 has-background-dim\"><\/span><img loading=\"lazy\" decoding=\"async\" width=\"3162\" height=\"3953\" class=\"wp-block-cover__image-background wp-image-192\" alt=\"\" src=\"https:\/\/diet-fanny.fr\/wp-content\/uploads\/2021\/11\/RP01-2.png\" data-object-fit=\"cover\" srcset=\"https:\/\/diet-fanny.fr\/wp-content\/uploads\/2021\/11\/RP01-2.png 3162w, https:\/\/diet-fanny.fr\/wp-content\/uploads\/2021\/11\/RP01-2-240x300.png 240w, https:\/\/diet-fanny.fr\/wp-content\/uploads\/2021\/11\/RP01-2-819x1024.png 819w, https:\/\/diet-fanny.fr\/wp-content\/uploads\/2021\/11\/RP01-2-768x960.png 768w, https:\/\/diet-fanny.fr\/wp-content\/uploads\/2021\/11\/RP01-2-1229x1536.png 1229w, https:\/\/diet-fanny.fr\/wp-content\/uploads\/2021\/11\/RP01-2-1638x2048.png 1638w, https:\/\/diet-fanny.fr\/wp-content\/uploads\/2021\/11\/RP01-2-1140x1425.png 1140w\" sizes=\"auto, (max-width: 3162px) 100vw, 3162px\" \/><div class=\"wp-block-cover__inner-container is-layout-flow wp-block-cover-is-layout-flow\">\n<p class=\"has-text-align-center has-large-font-size\"><\/p>\n<\/div><\/div>\n\n\n\n<h2 class=\"wp-block-heading has-text-align-center has-white-background-color has-text-color has-background has-medium-font-size\" style=\"color:#6cc2b8\">D\u00e9roulement des consultations di\u00e9t\u00e9tiques <\/h2>\n\n\n\n<div style=\"height:45px\" aria-hidden=\"true\" class=\"wp-block-spacer\"><\/div>\n\n\n\n<p>J&rsquo;ai le plaisir de vous accueillir en consultation dans mon cabinet, en t\u00e9l\u00e9consultation ou \u00e0 votre domicile (p\u00e9rim\u00e8tre maximum 20km autour du cabinet). <\/p>\n\n\n\n<p><\/p>\n\n\n\n<h3 class=\"wp-block-heading has-normal-font-size\"><em>1er bilan&nbsp;: 1h<\/em> \u00e0 1h15<\/h3>\n\n\n\n<p>Durant notre premi\u00e8re consultation, nous allons \u00e9tablir une relation de confiance. Notre \u00e9change portera, dans un premier temps sur votre situation tant bien personnelle que professionnelle (\u00e9tat civil, votre profession, votre mode de vie, la raison de votre consultation\u2026).<\/p>\n\n\n\n<p>J\u2019effectuerai, par la suite, quelques mesures (poids et mensurations). Nous r\u00e9aliserons aussi une \u00e9tude nutritionnelle afin d\u2019\u00e9valuer vos habitudes alimentaires. Je vous expliquerai les bases de l\u2019\u00e9quilibre alimentaire.<\/p>\n\n\n\n<p>\u00c0 partir de ces notions, nous \u00e9valuerons les axes d\u2019am\u00e9liorations et nous mettrons en place des objectifs simples et r\u00e9alisables. Nous \u00e9tablirons ensemble une r\u00e9partition alimentaire adapt\u00e9e.<\/p>\n\n\n\n<div style=\"height:45px\" aria-hidden=\"true\" class=\"wp-block-spacer\"><\/div>\n\n\n\n<h3 class=\"wp-block-heading has-normal-font-size\"><em>Consultation de suivi&nbsp;: 30 \u00e0 45 minutes<\/em><\/h3>\n\n\n\n<p>Les consultations de suivi permettent de faire le point sur votre progression dans vos habitudes alimentaires ainsi que constater l\u2019am\u00e9lioration de votre qualit\u00e9 de vie. Nous \u00e9valuerons \u00e9galement votre r\u00e9partition alimentaire afin de la r\u00e9adapter si besoin en fonction de vos difficult\u00e9s.<\/p>\n\n\n\n<p><\/p>\n\n\n\n<p><\/p>\n\n\n\n<hr class=\"wp-block-separator has-text-color has-css-opacity has-background is-style-dots\" style=\"background-color:#ba143d;color:#ba143d\"\/>\n\n\n\n<h2 class=\"wp-block-heading has-text-align-center has-white-background-color has-text-color has-background has-medium-font-size\" style=\"color:#6cc2b8\">       Espacement des rendez-vous <\/h2>\n\n\n\n<div style=\"height:45px\" aria-hidden=\"true\" class=\"wp-block-spacer\"><\/div>\n\n\n\n<p>A la suite du 1<sup>er<\/sup> bilan, il est conseill\u00e9 de r\u00e9aliser le 1<sup>er<\/sup> suivi 2 semaines apr\u00e8s afin de s\u2019assurer du bon fonctionnement de votre r\u00e9partition.<\/p>\n\n\n\n<p>Ensuite, les autres s\u00e9ances de suivi sont recommand\u00e9es toutes les 3 \u00e0 4 semaines.<\/p>\n\n\n\n<p>Cependant, la prise en charge se fera \u00e0 votre rythme.<\/p>\n\n\n\n<hr class=\"wp-block-separator has-text-color has-css-opacity has-background is-style-dots\" style=\"background-color:#ba143d;color:#ba143d\"\/>\n\n\n\n<h2 class=\"wp-block-heading has-text-align-center has-text-color has-medium-font-size\" style=\"color:#6cc2b8\">Tarifs <\/h2>\n\n\n\n<div style=\"height:45px\" aria-hidden=\"true\" class=\"wp-block-spacer\"><\/div>\n\n\n\n<div class=\"wp-block-columns is-layout-flex wp-container-core-columns-is-layout-9d6595d7 wp-block-columns-is-layout-flex\">\n<div class=\"wp-block-column is-layout-flow wp-block-column-is-layout-flow\" style=\"flex-basis:100%\">\n<div class=\"wp-block-group\"><div class=\"wp-block-group__inner-container is-layout-flow wp-block-group-is-layout-flow\">\n<div class=\"wp-block-columns is-layout-flex wp-container-core-columns-is-layout-9d6595d7 wp-block-columns-is-layout-flex\">\n<div class=\"wp-block-column is-layout-flow wp-block-column-is-layout-flow\" style=\"flex-basis:100%\">\n<figure class=\"wp-block-table\"><table class=\"has-fixed-layout\"><tbody><tr><td>1 er Bilan <\/td><td>55 \u20ac *<\/td><\/tr><tr><td>Consultation de suivi<\/td><td>40 \u20ac *<\/td><\/tr><\/tbody><\/table><\/figure>\n<\/div>\n<\/div>\n<\/div><\/div>\n\n\n\n<p><em>(*) Consultation \u00e0 domicile :   <\/em>le tarif varie en fonction de la distance  <\/p>\n<\/div>\n<\/div>\n\n\n<div class=\"alignright wp-block-site-logo\"><a href=\"https:\/\/diet-fanny.fr\/\" class=\"custom-logo-link\" rel=\"home\"><img loading=\"lazy\" decoding=\"async\" width=\"101\" height=\"99\" src=\"https:\/\/diet-fanny.fr\/wp-content\/uploads\/2021\/11\/cropped-Logo-Fanny-Fond-transparent-3.png\" class=\"custom-logo\" alt=\"Fanny Vialas\" srcset=\"https:\/\/diet-fanny.fr\/wp-content\/uploads\/2021\/11\/cropped-Logo-Fanny-Fond-transparent-3.png 2551w, https:\/\/diet-fanny.fr\/wp-content\/uploads\/2021\/11\/cropped-Logo-Fanny-Fond-transparent-3-300x295.png 300w, https:\/\/diet-fanny.fr\/wp-content\/uploads\/2021\/11\/cropped-Logo-Fanny-Fond-transparent-3-1024x1006.png 1024w, https:\/\/diet-fanny.fr\/wp-content\/uploads\/2021\/11\/cropped-Logo-Fanny-Fond-transparent-3-768x755.png 768w, https:\/\/diet-fanny.fr\/wp-content\/uploads\/2021\/11\/cropped-Logo-Fanny-Fond-transparent-3-1536x1510.png 1536w, https:\/\/diet-fanny.fr\/wp-content\/uploads\/2021\/11\/cropped-Logo-Fanny-Fond-transparent-3-2048x2013.png 2048w, https:\/\/diet-fanny.fr\/wp-content\/uploads\/2021\/11\/cropped-Logo-Fanny-Fond-transparent-3-1140x1120.png 1140w, https:\/\/diet-fanny.fr\/wp-content\/uploads\/2021\/11\/cropped-Logo-Fanny-Fond-transparent-3-75x75.png 75w\" sizes=\"auto, (max-width: 101px) 100vw, 101px\" \/><\/a><\/div>","protected":false},"excerpt":{"rendered":"<p>D\u00e9roulement des consultations di\u00e9t\u00e9tiques J&rsquo;ai le plaisir de vous accueillir en consultation dans mon cabinet, en t\u00e9l\u00e9consultation ou \u00e0 votre domicile (p\u00e9rim\u00e8tre maximum 20km autour du cabinet). 1er bilan&nbsp;: 1h \u00e0 1h15 Durant notre premi\u00e8re consultation, nous allons \u00e9tablir une relation de confiance. Notre \u00e9change portera, dans un premier temps sur votre situation tant bien personnelle que professionnelle (\u00e9tat civil, votre profession, votre mode de vie, la raison de votre consultation\u2026). J\u2019effectuerai, par la suite, quelques mesures (poids et mensurations). Nous r\u00e9aliserons aussi une \u00e9tude nutritionnelle afin d\u2019\u00e9valuer vos habitudes alimentaires. Je vous expliquerai les bases de l\u2019\u00e9quilibre alimentaire. \u00c0 partir de ces notions, nous \u00e9valuerons les axes d\u2019am\u00e9liorations et nous mettrons en place des objectifs simples et r\u00e9alisables. Nous \u00e9tablirons ensemble une r\u00e9partition alimentaire adapt\u00e9e. Consultation de suivi&nbsp;: 30 \u00e0 45 minutes Les consultations de suivi permettent de faire le point sur votre progression dans vos habitudes alimentaires ainsi que constater l\u2019am\u00e9lioration de votre qualit\u00e9 de vie. Nous \u00e9valuerons \u00e9galement votre r\u00e9partition alimentaire afin de la r\u00e9adapter si besoin en fonction de vos difficult\u00e9s. Espacement des rendez-vous A la suite du 1er bilan, il est conseill\u00e9 de r\u00e9aliser le 1er suivi 2 semaines apr\u00e8s afin de s\u2019assurer du bon fonctionnement de votre r\u00e9partition. Ensuite, les autres s\u00e9ances de suivi sont recommand\u00e9es toutes les 3 \u00e0 4 semaines. Cependant, la prise en charge se fera \u00e0 votre rythme. Tarifs 1 er Bilan 55 \u20ac * Consultation de suivi 40 \u20ac * (*) Consultation \u00e0 domicile : le tarif varie en fonction de la distance<\/p>\n","protected":false},"author":1,"featured_media":0,"parent":0,"menu_order":0,"comment_status":"closed","ping_status":"closed","template":"","meta":{"_monsterinsights_skip_tracking":false,"_monsterinsights_sitenote_active":false,"_monsterinsights_sitenote_note":"","_monsterinsights_sitenote_category":0,"footnotes":""},"class_list":["post-3","page","type-page","status-publish","hentry"],"_links":{"self":[{"href":"https:\/\/diet-fanny.fr\/index.php?rest_route=\/wp\/v2\/pages\/3","targetHints":{"allow":["GET"]}}],"collection":[{"href":"https:\/\/diet-fanny.fr\/index.php?rest_route=\/wp\/v2\/pages"}],"about":[{"href":"https:\/\/diet-fanny.fr\/index.php?rest_route=\/wp\/v2\/types\/page"}],"author":[{"embeddable":true,"href":"https:\/\/diet-fanny.fr\/index.php?rest_route=\/wp\/v2\/users\/1"}],"replies":[{"embeddable":true,"href":"https:\/\/diet-fanny.fr\/index.php?rest_route=%2Fwp%2Fv2%2Fcomments&post=3"}],"version-history":[{"count":33,"href":"https:\/\/diet-fanny.fr\/index.php?rest_route=\/wp\/v2\/pages\/3\/revisions"}],"predecessor-version":[{"id":348,"href":"https:\/\/diet-fanny.fr\/index.php?rest_route=\/wp\/v2\/pages\/3\/revisions\/348"}],"wp:attachment":[{"href":"https:\/\/diet-fanny.fr\/index.php?rest_route=%2Fwp%2Fv2%2Fmedia&parent=3"}],"curies":[{"name":"wp","href":"https:\/\/api.w.org\/{rel}","templated":true}]}}