{"id":48,"date":"2021-10-31T09:57:42","date_gmt":"2021-10-31T08:57:42","guid":{"rendered":"http:\/\/diet-fanny.fr\/?page_id=48"},"modified":"2023-11-29T10:50:10","modified_gmt":"2023-11-29T09:50:10","slug":"contact","status":"publish","type":"page","link":"https:\/\/diet-fanny.fr\/?page_id=48","title":{"rendered":"Contact"},"content":{"rendered":"\n<div class=\"wp-block-columns is-layout-flex wp-container-core-columns-is-layout-9d6595d7 wp-block-columns-is-layout-flex\">\n<div class=\"wp-block-column is-layout-flow wp-block-column-is-layout-flow\" style=\"flex-basis:50%\">\n<p><iframe loading=\"lazy\" style=\"border: 0;\" src=\"https:\/\/www.google.com\/maps\/embed?pb=!1m18!1m12!1m3!1d2889.179061930324!2d1.4046833154579033!3d43.602813179123046!2m3!1f0!2f0!3f0!3m2!1i1024!2i768!4f13.1!3m3!1m2!1s0x12aebb1da9a5b007%3A0xb6740a3f793d7768!2s5%20Rue%20Thomas%20Dupuy%2C%2031300%20Toulouse!5e0!3m2!1sfr!2sfr!4v1637417781306!5m2!1sfr!2sfr\" width=\"600\" height=\"450\" allowfullscreen=\"allowfullscreen\"><\/iframe><\/p>\n<\/div>\n\n\n\n<div class=\"wp-block-column is-layout-flow wp-block-column-is-layout-flow\"><\/div>\n\n\n\n<div class=\"wp-block-column is-layout-flow wp-block-column-is-layout-flow\" style=\"flex-basis:50%\">\n<div class=\"wp-block-columns are-vertically-aligned-center is-layout-flex wp-container-core-columns-is-layout-9d6595d7 wp-block-columns-is-layout-flex\">\n<div class=\"wp-block-column is-vertically-aligned-center is-layout-flow wp-block-column-is-layout-flow\" style=\"flex-basis:100%\">\n<div class=\"wp-block-group\"><div class=\"wp-block-group__inner-container is-layout-flow wp-block-group-is-layout-flow\"><div class=\"frm_forms  with_frm_style frm_style_style-formidable\" id=\"frm_form_2_container\" data-token=\"04ddd33522ccef17e34735204282226d\">\n<form enctype=\"multipart\/form-data\" method=\"post\" class=\"frm-show-form \" id=\"form_contact\" data-token=\"04ddd33522ccef17e34735204282226d\">\n<div class=\"frm_form_fields \">\n<fieldset>\n<legend class=\"frm_screen_reader\">M&rsquo;envoyer un message <\/legend>\r\n\r\n<div class=\"frm_fields_container\">\n<input type=\"hidden\" name=\"frm_action\" value=\"create\" \/>\n<input type=\"hidden\" name=\"form_id\" value=\"2\" \/>\n<input type=\"hidden\" name=\"frm_hide_fields_2\" id=\"frm_hide_fields_2\" value=\"\" \/>\n<input type=\"hidden\" name=\"form_key\" value=\"contact\" \/>\n<input type=\"hidden\" name=\"item_meta[0]\" value=\"\" \/>\n<input type=\"hidden\" id=\"frm_submit_entry_2\" name=\"frm_submit_entry_2\" value=\"f401b6b962\" \/><input type=\"hidden\" name=\"_wp_http_referer\" value=\"\/index.php?rest_route=%2Fwp%2Fv2%2Fpages%2F48\" \/><div id=\"frm_field_6_container\" class=\"frm_form_field form-field  frm_required_field frm_top_container frm12\">\r\n    <label for=\"field_3v82s\" id=\"field_3v82s_label\" class=\"frm_primary_label\">Votre nom et pr\u00e9nom\r\n        <span class=\"frm_required\" aria-hidden=\"true\">*<\/span>\r\n    <\/label>\r\n    <input type=\"text\" id=\"field_3v82s\" name=\"item_meta[6]\" value=\"\"  placeholder=\"Nom\/Pr\u00e9nom\" data-reqmsg=\"Ce champ ne peut pas \u00eatre vide\" aria-required=\"true\" data-invmsg=\"texte est non valide\" aria-invalid=\"false\"  \/>\r\n    \r\n    \r\n<\/div>\n<div id=\"frm_field_8_container\" class=\"frm_form_field form-field  frm_required_field frm_top_container frm12\">\r\n    <label for=\"field_yeif9\" id=\"field_yeif9_label\" class=\"frm_primary_label\">Email\r\n        <span class=\"frm_required\" aria-hidden=\"true\">*<\/span>\r\n    <\/label>\r\n    <input type=\"email\" id=\"field_yeif9\" name=\"item_meta[8]\" value=\"\"  placeholder=\"Email\" data-reqmsg=\"Ce champ ne peut pas \u00eatre vide\" aria-required=\"true\" data-invmsg=\"Email est non valide\" aria-invalid=\"false\"  \/>\r\n    \r\n    \r\n<\/div>\n<div id=\"frm_field_10_container\" class=\"frm_form_field form-field  frm_required_field frm_top_container frm12\">\r\n    <label for=\"field_5rstu\" id=\"field_5rstu_label\" class=\"frm_primary_label\">Objet\r\n        <span class=\"frm_required\" aria-hidden=\"true\">*<\/span>\r\n    <\/label>\r\n    <input type=\"text\" id=\"field_5rstu\" name=\"item_meta[10]\" value=\"\"  placeholder=\"Objet\" data-reqmsg=\"Ce champ ne peut pas \u00eatre vide\" aria-required=\"true\" data-invmsg=\"texte est non valide\" aria-invalid=\"false\"  \/>\r\n    \r\n    \r\n<\/div>\n<div id=\"frm_field_9_container\" class=\"frm_form_field form-field  frm_required_field frm_top_container frm12\">\r\n    <label for=\"field_ord12\" id=\"field_ord12_label\" class=\"frm_primary_label\">Message\r\n        <span class=\"frm_required\" aria-hidden=\"true\">*<\/span>\r\n    <\/label>\r\n    <textarea name=\"item_meta[9]\" id=\"field_ord12\" rows=\"5\"  placeholder=\"Message\" data-reqmsg=\"Ce champ ne peut pas \u00eatre vide\" aria-required=\"true\" data-invmsg=\"Message est non valide\" aria-invalid=\"false\"  ><\/textarea>\r\n    \r\n    \r\n<\/div>\n\t<input type=\"hidden\" name=\"item_key\" value=\"\" \/>\n\t\t\t<div id=\"frm_field_11_container\">\n\t\t\t<label for=\"field_zgymr\" >\n\t\t\t\tSi vous \u00eates un humain, ne remplissez pas ce champ.\t\t\t<\/label>\n\t\t\t<input  id=\"field_zgymr\" type=\"text\" class=\"frm_form_field form-field frm_verify\" name=\"item_meta[11]\" value=\"\"  \/>\n\t\t<\/div>\n\t\t<input name=\"frm_state\" type=\"hidden\" value=\"9LHyem\/3Pe24QT\/Xf\/zLwYXte+oQc5iRTTjLWVE3WHc=\" \/><div class=\"frm_submit\">\r\n\r\n<button class=\"frm_button_submit\" type=\"submit\"  >Envoyer<\/button>\r\n\r\n<\/div><\/div>\n<\/fieldset>\n<\/div>\n\n<\/form>\n<\/div>\n<\/div><\/div>\n<\/div>\n<\/div>\n<\/div>\n<\/div>\n\n\n\n<div style=\"height:18px\" aria-hidden=\"true\" class=\"wp-block-spacer\"><\/div>\n\n\n\n<div class=\"wp-block-columns is-layout-flex wp-container-core-columns-is-layout-9d6595d7 wp-block-columns-is-layout-flex\">\n<div class=\"wp-block-column is-layout-flow wp-block-column-is-layout-flow\" style=\"flex-basis:100%\">\n<div class=\"wp-block-group\"><div class=\"wp-block-group__inner-container is-layout-constrained wp-block-group-is-layout-constrained\">\n<div class=\"wp-block-columns is-layout-flex wp-container-core-columns-is-layout-9d6595d7 wp-block-columns-is-layout-flex\">\n<div class=\"wp-block-column is-layout-flow wp-block-column-is-layout-flow\" style=\"flex-basis:100%\">\n<div class=\"wp-block-group\"><div class=\"wp-block-group__inner-container is-layout-constrained wp-block-group-is-layout-constrained\">\n<div class=\"wp-block-columns is-layout-flex wp-container-core-columns-is-layout-9d6595d7 wp-block-columns-is-layout-flex\">\n<div class=\"wp-block-column is-layout-flow wp-block-column-is-layout-flow\">\n<h4 class=\"wp-block-heading\"><mark style=\"background-color:rgba(0, 0, 0, 0);color:#ba143d\" class=\"has-inline-color\">Adresse : <\/mark><\/h4>\n\n\n\n<p><strong>B\u00e2timent B &#8211; Appt B802 &#8211; 8e \u00e9tage<\/strong>  <\/p>\n\n\n\n<p><strong>5 Rue Thomas Dupuy, 31300 Toulouse<\/strong><\/p>\n<\/div>\n\n\n\n<div class=\"wp-block-column is-layout-flow wp-block-column-is-layout-flow\">\n<h4 class=\"wp-block-heading\"><mark style=\"background-color:rgba(0, 0, 0, 0);color:#ba143d\" class=\"has-inline-color\">T\u00e9l\u00e9phone : <\/mark><\/h4>\n\n\n\n<p><strong>07.83.91.37.47<\/strong><\/p>\n\n\n\n<p><\/p>\n<\/div>\n\n\n\n<div class=\"wp-block-column is-layout-flow wp-block-column-is-layout-flow\">\n<h4 class=\"wp-block-heading\"><mark style=\"background-color:rgba(0, 0, 0, 0);color:#ba143d\" class=\"has-inline-color\">Mail : <\/mark><\/h4>\n\n\n\n<p><strong>contact@diet-fanny.fr<\/strong><\/p>\n\n\n\n<p><\/p>\n<\/div>\n\n\n\n<div class=\"wp-block-column is-layout-flow wp-block-column-is-layout-flow\">\n<h4 class=\"wp-block-heading\"><mark style=\"background-color:rgba(0, 0, 0, 0);color:#ba143d\" class=\"has-inline-color\">Doctolib : <\/mark><\/h4>\n\n\n\n<p><a href=\"https:\/\/www.doctolib.fr\/dieteticien\/toulouse\/fanny-vialas\"><mark style=\"background-color:rgba(0, 0, 0, 0)\" class=\"has-inline-color has-black-color\">Fanny VIALAS, Di\u00e9t\u00e9ticien \u00e0 Toulouse : Prenez rendez-vous en ligne (doctolib.fr)<\/mark><\/a><\/p>\n<\/div>\n<\/div>\n<\/div><\/div>\n<\/div>\n<\/div>\n<\/div><\/div>\n<\/div>\n<\/div>\n\n\n<div class=\"alignright wp-block-site-logo\"><a href=\"https:\/\/diet-fanny.fr\/\" class=\"custom-logo-link\" rel=\"home\"><img loading=\"lazy\" decoding=\"async\" width=\"120\" height=\"117\" src=\"https:\/\/diet-fanny.fr\/wp-content\/uploads\/2021\/11\/cropped-Logo-Fanny-Fond-transparent-3.png\" class=\"custom-logo\" alt=\"Fanny Vialas\" srcset=\"https:\/\/diet-fanny.fr\/wp-content\/uploads\/2021\/11\/cropped-Logo-Fanny-Fond-transparent-3.png 2551w, https:\/\/diet-fanny.fr\/wp-content\/uploads\/2021\/11\/cropped-Logo-Fanny-Fond-transparent-3-300x295.png 300w, https:\/\/diet-fanny.fr\/wp-content\/uploads\/2021\/11\/cropped-Logo-Fanny-Fond-transparent-3-1024x1006.png 1024w, https:\/\/diet-fanny.fr\/wp-content\/uploads\/2021\/11\/cropped-Logo-Fanny-Fond-transparent-3-768x755.png 768w, https:\/\/diet-fanny.fr\/wp-content\/uploads\/2021\/11\/cropped-Logo-Fanny-Fond-transparent-3-1536x1510.png 1536w, https:\/\/diet-fanny.fr\/wp-content\/uploads\/2021\/11\/cropped-Logo-Fanny-Fond-transparent-3-2048x2013.png 2048w, https:\/\/diet-fanny.fr\/wp-content\/uploads\/2021\/11\/cropped-Logo-Fanny-Fond-transparent-3-1140x1120.png 1140w\" sizes=\"auto, (max-width: 120px) 100vw, 120px\" \/><\/a><\/div>","protected":false},"excerpt":{"rendered":"<p>Adresse : B\u00e2timent B &#8211; Appt B802 &#8211; 8e \u00e9tage 5 Rue Thomas Dupuy, 31300 Toulouse T\u00e9l\u00e9phone : 07.83.91.37.47 Mail : contact@diet-fanny.fr Doctolib : Fanny VIALAS, Di\u00e9t\u00e9ticien \u00e0 Toulouse : Prenez rendez-vous en ligne (doctolib.fr)<\/p>\n","protected":false},"author":1,"featured_media":0,"parent":0,"menu_order":0,"comment_status":"closed","ping_status":"closed","template":"","meta":{"_monsterinsights_skip_tracking":false,"_monsterinsights_sitenote_active":false,"_monsterinsights_sitenote_note":"","_monsterinsights_sitenote_category":0,"footnotes":""},"class_list":["post-48","page","type-page","status-publish","hentry"],"_links":{"self":[{"href":"https:\/\/diet-fanny.fr\/index.php?rest_route=\/wp\/v2\/pages\/48","targetHints":{"allow":["GET"]}}],"collection":[{"href":"https:\/\/diet-fanny.fr\/index.php?rest_route=\/wp\/v2\/pages"}],"about":[{"href":"https:\/\/diet-fanny.fr\/index.php?rest_route=\/wp\/v2\/types\/page"}],"author":[{"embeddable":true,"href":"https:\/\/diet-fanny.fr\/index.php?rest_route=\/wp\/v2\/users\/1"}],"replies":[{"embeddable":true,"href":"https:\/\/diet-fanny.fr\/index.php?rest_route=%2Fwp%2Fv2%2Fcomments&post=48"}],"version-history":[{"count":25,"href":"https:\/\/diet-fanny.fr\/index.php?rest_route=\/wp\/v2\/pages\/48\/revisions"}],"predecessor-version":[{"id":352,"href":"https:\/\/diet-fanny.fr\/index.php?rest_route=\/wp\/v2\/pages\/48\/revisions\/352"}],"wp:attachment":[{"href":"https:\/\/diet-fanny.fr\/index.php?rest_route=%2Fwp%2Fv2%2Fmedia&parent=48"}],"curies":[{"name":"wp","href":"https:\/\/api.w.org\/{rel}","templated":true}]}}